{"id":2158,"date":"2023-05-14T21:22:05","date_gmt":"2023-05-14T19:22:05","guid":{"rendered":"http:\/\/grandprixdetennisdebourg.com\/?page_id=2158"},"modified":"2023-05-14T21:35:20","modified_gmt":"2023-05-14T19:35:20","slug":"resultats-de-la-selection-des-ramasseurs-de-balles-2023","status":"publish","type":"page","link":"http:\/\/grandprixdetennisdebourg.com\/index.php\/resultats-de-la-selection-des-ramasseurs-de-balles-2023\/","title":{"rendered":"R\u00e9sultats de la s\u00e9lection des ramasseurs de balles 2023"},"content":{"rendered":"\n<p>Samedi 13 mai 2023 s&#8217;est d\u00e9roul\u00e9e la s\u00e9lection des ramasseurs de balles pour le Grand Prix 2023. Merci \u00e0 nos 35 participants venus de 17 clubs dans tout le d\u00e9partement ! <\/p>\n\n\n\n<figure class=\"wp-block-image size-large\"><img loading=\"lazy\" width=\"1024\" height=\"481\" src=\"http:\/\/grandprixdetennisdebourg.com\/wp-content\/uploads\/2023\/05\/groupe-1-1024x481.jpg\" alt=\"\" class=\"wp-image-2170\" srcset=\"http:\/\/grandprixdetennisdebourg.com\/wp-content\/uploads\/2023\/05\/groupe-1-1024x481.jpg 1024w, http:\/\/grandprixdetennisdebourg.com\/wp-content\/uploads\/2023\/05\/groupe-1-300x141.jpg 300w, http:\/\/grandprixdetennisdebourg.com\/wp-content\/uploads\/2023\/05\/groupe-1-768x361.jpg 768w, http:\/\/grandprixdetennisdebourg.com\/wp-content\/uploads\/2023\/05\/groupe-1.jpg 1080w\" sizes=\"(max-width: 1024px) 100vw, 1024px\" \/><\/figure>\n\n\n\n<p>Au programme des tests physiques et techniques pour s\u00e9lectionner 14 ramasseurs.<\/p>\n\n\n\n<p>Et voici la liste des ramasseurs 2023 :<\/p>\n\n\n\n<p><strong>AUVACHEY Cl\u00e9mence<\/strong> TC Sud Revermont <br><strong>BARRET Andy<\/strong> TC Montmerle <br><strong>BEAUDEVIN Manon<\/strong> TC Veyle Sa\u00f4ne <br><strong>BORNARD Tom<\/strong> TC Buellas St Denis <br><strong>GREGNAC Fanny<\/strong> RC Montluel <br><strong>HEGO Alec<\/strong> TCB <br><strong>JOURDIN Jean Baptiste<\/strong> TC Buellas St Denis <br><strong>KILIC Arda<\/strong> TCB <br><strong>LAHOUSTE Emmy<\/strong> TCB <br><strong>MARS Ethan<\/strong> TC Balan Dagneux <br><strong>MOURIER Cl\u00e9ment<\/strong> TC Pont d&#8217;Ain <br><strong>OLAGNON Paul<\/strong> TCB <br><strong>RIBEYRON Gautier<\/strong> TC La Valli\u00e8re <br><strong>SANTOURIAN Romain<\/strong> TCB<br><br>rempla\u00e7ants :<br><strong>REYNAUD Baptiste<\/strong> TC Nord Revermont <\/p>\n\n\n\n<p><strong>LETRONE Tom<\/strong> TC St Didier sur Formans<\/p>\n\n\n\n<p>Encore bravo \u00e0 tous pour votre performance !<\/p>\n\n\n\n<p><\/p>\n\n\n\n<figure class=\"wp-block-gallery has-nested-images columns-default is-cropped\">\n<figure class=\"wp-block-image size-large\"><img loading=\"lazy\" width=\"768\" height=\"1024\" data-id=\"2163\"  src=\"http:\/\/grandprixdetennisdebourg.com\/wp-content\/uploads\/2023\/05\/facebook_1684090982370_7063589543719769949-768x1024.jpg\" alt=\"\" class=\"wp-image-2163\" srcset=\"http:\/\/grandprixdetennisdebourg.com\/wp-content\/uploads\/2023\/05\/facebook_1684090982370_7063589543719769949-768x1024.jpg 768w, http:\/\/grandprixdetennisdebourg.com\/wp-content\/uploads\/2023\/05\/facebook_1684090982370_7063589543719769949-225x300.jpg 225w, http:\/\/grandprixdetennisdebourg.com\/wp-content\/uploads\/2023\/05\/facebook_1684090982370_7063589543719769949.jpg 1080w\" sizes=\"(max-width: 768px) 100vw, 768px\" \/><\/figure>\n\n\n\n<figure class=\"wp-block-image size-large\"><img loading=\"lazy\" width=\"1024\" height=\"768\" data-id=\"2162\"  src=\"http:\/\/grandprixdetennisdebourg.com\/wp-content\/uploads\/2023\/05\/facebook_1684091001619_7063589624458438395-1024x768.jpg\" alt=\"\" class=\"wp-image-2162\" srcset=\"http:\/\/grandprixdetennisdebourg.com\/wp-content\/uploads\/2023\/05\/facebook_1684091001619_7063589624458438395-1024x768.jpg 1024w, http:\/\/grandprixdetennisdebourg.com\/wp-content\/uploads\/2023\/05\/facebook_1684091001619_7063589624458438395-300x225.jpg 300w, http:\/\/grandprixdetennisdebourg.com\/wp-content\/uploads\/2023\/05\/facebook_1684091001619_7063589624458438395-768x576.jpg 768w, http:\/\/grandprixdetennisdebourg.com\/wp-content\/uploads\/2023\/05\/facebook_1684091001619_7063589624458438395.jpg 1080w\" sizes=\"(max-width: 1024px) 100vw, 1024px\" \/><\/figure>\n\n\n\n<figure class=\"wp-block-image size-large\"><img loading=\"lazy\" width=\"720\" height=\"960\" data-id=\"2161\"  src=\"http:\/\/grandprixdetennisdebourg.com\/wp-content\/uploads\/2023\/05\/facebook_1684091020644_7063589704253455783.jpg\" alt=\"\" class=\"wp-image-2161\" srcset=\"http:\/\/grandprixdetennisdebourg.com\/wp-content\/uploads\/2023\/05\/facebook_1684091020644_7063589704253455783.jpg 720w, http:\/\/grandprixdetennisdebourg.com\/wp-content\/uploads\/2023\/05\/facebook_1684091020644_7063589704253455783-225x300.jpg 225w\" sizes=\"(max-width: 720px) 100vw, 720px\" \/><\/figure>\n\n\n\n<figure class=\"wp-block-image size-large\"><img loading=\"lazy\" width=\"768\" height=\"1024\" data-id=\"2159\"  src=\"http:\/\/grandprixdetennisdebourg.com\/wp-content\/uploads\/2023\/05\/facebook_1684091036256_7063589769732779461-768x1024.jpg\" alt=\"\" class=\"wp-image-2159\" srcset=\"http:\/\/grandprixdetennisdebourg.com\/wp-content\/uploads\/2023\/05\/facebook_1684091036256_7063589769732779461-768x1024.jpg 768w, http:\/\/grandprixdetennisdebourg.com\/wp-content\/uploads\/2023\/05\/facebook_1684091036256_7063589769732779461-225x300.jpg 225w, http:\/\/grandprixdetennisdebourg.com\/wp-content\/uploads\/2023\/05\/facebook_1684091036256_7063589769732779461.jpg 1080w\" sizes=\"(max-width: 768px) 100vw, 768px\" \/><\/figure>\n\n\n\n<figure class=\"wp-block-image size-large\"><img loading=\"lazy\" width=\"768\" height=\"1024\" data-id=\"2164\"  src=\"http:\/\/grandprixdetennisdebourg.com\/wp-content\/uploads\/2023\/05\/facebook_1684091058459_7063589862859695928-768x1024.jpg\" alt=\"\" class=\"wp-image-2164\" srcset=\"http:\/\/grandprixdetennisdebourg.com\/wp-content\/uploads\/2023\/05\/facebook_1684091058459_7063589862859695928-768x1024.jpg 768w, http:\/\/grandprixdetennisdebourg.com\/wp-content\/uploads\/2023\/05\/facebook_1684091058459_7063589862859695928-225x300.jpg 225w, http:\/\/grandprixdetennisdebourg.com\/wp-content\/uploads\/2023\/05\/facebook_1684091058459_7063589862859695928.jpg 1080w\" sizes=\"(max-width: 768px) 100vw, 768px\" \/><\/figure>\n\n\n\n<figure class=\"wp-block-image size-large\"><img loading=\"lazy\" width=\"768\" height=\"1024\" data-id=\"2160\"  src=\"http:\/\/grandprixdetennisdebourg.com\/wp-content\/uploads\/2023\/05\/facebook_1684091072281_7063589920832723502-768x1024.jpg\" alt=\"\" class=\"wp-image-2160\" srcset=\"http:\/\/grandprixdetennisdebourg.com\/wp-content\/uploads\/2023\/05\/facebook_1684091072281_7063589920832723502-768x1024.jpg 768w, http:\/\/grandprixdetennisdebourg.com\/wp-content\/uploads\/2023\/05\/facebook_1684091072281_7063589920832723502-225x300.jpg 225w, http:\/\/grandprixdetennisdebourg.com\/wp-content\/uploads\/2023\/05\/facebook_1684091072281_7063589920832723502.jpg 1080w\" sizes=\"(max-width: 768px) 100vw, 768px\" \/><\/figure>\n\n\n\n<figure class=\"wp-block-image size-large\"><img loading=\"lazy\" width=\"768\" height=\"1024\" data-id=\"2165\"  src=\"http:\/\/grandprixdetennisdebourg.com\/wp-content\/uploads\/2023\/05\/facebook_1684091086044_7063589978560034325-768x1024.jpg\" alt=\"\" class=\"wp-image-2165\" srcset=\"http:\/\/grandprixdetennisdebourg.com\/wp-content\/uploads\/2023\/05\/facebook_1684091086044_7063589978560034325-768x1024.jpg 768w, http:\/\/grandprixdetennisdebourg.com\/wp-content\/uploads\/2023\/05\/facebook_1684091086044_7063589978560034325-225x300.jpg 225w, http:\/\/grandprixdetennisdebourg.com\/wp-content\/uploads\/2023\/05\/facebook_1684091086044_7063589978560034325.jpg 1080w\" sizes=\"(max-width: 768px) 100vw, 768px\" \/><\/figure>\n\n\n\n<figure class=\"wp-block-image size-large\"><img loading=\"lazy\" width=\"720\" height=\"960\" data-id=\"2167\"  src=\"http:\/\/grandprixdetennisdebourg.com\/wp-content\/uploads\/2023\/05\/facebook_1684091099616_7063590035491338510.jpg\" alt=\"\" class=\"wp-image-2167\" srcset=\"http:\/\/grandprixdetennisdebourg.com\/wp-content\/uploads\/2023\/05\/facebook_1684091099616_7063590035491338510.jpg 720w, http:\/\/grandprixdetennisdebourg.com\/wp-content\/uploads\/2023\/05\/facebook_1684091099616_7063590035491338510-225x300.jpg 225w\" sizes=\"(max-width: 720px) 100vw, 720px\" \/><\/figure>\n\n\n\n<figure class=\"wp-block-image size-large\"><img loading=\"lazy\" width=\"720\" height=\"960\" data-id=\"2166\"  src=\"http:\/\/grandprixdetennisdebourg.com\/wp-content\/uploads\/2023\/05\/facebook_1684091112070_7063590087727534420.jpg\" alt=\"\" class=\"wp-image-2166\" srcset=\"http:\/\/grandprixdetennisdebourg.com\/wp-content\/uploads\/2023\/05\/facebook_1684091112070_7063590087727534420.jpg 720w, http:\/\/grandprixdetennisdebourg.com\/wp-content\/uploads\/2023\/05\/facebook_1684091112070_7063590087727534420-225x300.jpg 225w\" sizes=\"(max-width: 720px) 100vw, 720px\" \/><\/figure>\n\n\n\n<figure class=\"wp-block-image size-large\"><img loading=\"lazy\" width=\"819\" height=\"1024\" data-id=\"2168\"  src=\"http:\/\/grandprixdetennisdebourg.com\/wp-content\/uploads\/2023\/05\/facebook_1684091128255_7063590155607966066-819x1024.jpg\" alt=\"\" class=\"wp-image-2168\" srcset=\"http:\/\/grandprixdetennisdebourg.com\/wp-content\/uploads\/2023\/05\/facebook_1684091128255_7063590155607966066-819x1024.jpg 819w, http:\/\/grandprixdetennisdebourg.com\/wp-content\/uploads\/2023\/05\/facebook_1684091128255_7063590155607966066-240x300.jpg 240w, http:\/\/grandprixdetennisdebourg.com\/wp-content\/uploads\/2023\/05\/facebook_1684091128255_7063590155607966066-768x960.jpg 768w, http:\/\/grandprixdetennisdebourg.com\/wp-content\/uploads\/2023\/05\/facebook_1684091128255_7063590155607966066.jpg 1080w\" sizes=\"(max-width: 819px) 100vw, 819px\" \/><\/figure>\n<\/figure>\n","protected":false},"excerpt":{"rendered":"<p>Samedi 13 mai 2023 s&#8217;est d\u00e9roul\u00e9e la s\u00e9lection des ramasseurs de balles pour le Grand Prix 2023. Merci \u00e0 nos 35 participants venus de 17 clubs dans tout le d\u00e9partement ! Au programme des tests physiques et techniques pour s\u00e9lectionner 14 ramasseurs. Et voici la liste des ramasseurs 2023 : AUVACHEY Cl\u00e9mence TC Sud Revermont [&hellip;]<\/p>\n","protected":false},"author":1,"featured_media":0,"parent":0,"menu_order":0,"comment_status":"closed","ping_status":"closed","template":"","meta":[],"_links":{"self":[{"href":"http:\/\/grandprixdetennisdebourg.com\/index.php\/wp-json\/wp\/v2\/pages\/2158"}],"collection":[{"href":"http:\/\/grandprixdetennisdebourg.com\/index.php\/wp-json\/wp\/v2\/pages"}],"about":[{"href":"http:\/\/grandprixdetennisdebourg.com\/index.php\/wp-json\/wp\/v2\/types\/page"}],"author":[{"embeddable":true,"href":"http:\/\/grandprixdetennisdebourg.com\/index.php\/wp-json\/wp\/v2\/users\/1"}],"replies":[{"embeddable":true,"href":"http:\/\/grandprixdetennisdebourg.com\/index.php\/wp-json\/wp\/v2\/comments?post=2158"}],"version-history":[{"count":3,"href":"http:\/\/grandprixdetennisdebourg.com\/index.php\/wp-json\/wp\/v2\/pages\/2158\/revisions"}],"predecessor-version":[{"id":2182,"href":"http:\/\/grandprixdetennisdebourg.com\/index.php\/wp-json\/wp\/v2\/pages\/2158\/revisions\/2182"}],"wp:attachment":[{"href":"http:\/\/grandprixdetennisdebourg.com\/index.php\/wp-json\/wp\/v2\/media?parent=2158"}],"curies":[{"name":"wp","href":"https:\/\/api.w.org\/{rel}","templated":true}]}}