{"id":169,"date":"2021-12-22T18:17:16","date_gmt":"2021-12-22T17:17:16","guid":{"rendered":"http:\/\/grandprixdetennisdebourg.com\/?page_id=169"},"modified":"2026-01-11T15:50:37","modified_gmt":"2026-01-11T14:50:37","slug":"cote-village","status":"publish","type":"page","link":"http:\/\/grandprixdetennisdebourg.com\/index.php\/cote-village\/","title":{"rendered":"C\u00f4t\u00e9 Village"},"content":{"rendered":"\n<p>L&#8217;espace partenaires est ouvert tous les jours \u00e0 partir de 10h. Vous y trouverez de quoi prendre un verre, un caf\u00e9 ou vous restaurer.<\/p>\n\n\n\n<p>Diff\u00e9rentes animations ponctuent le grand prix : soir\u00e9es \u00e0 th\u00e8me, cocktail, <a href=\"http:\/\/grandprixdetennisdebourg.com\/index.php\/restauration\/\">d\u00e9jeuners<\/a>, <a href=\"http:\/\/grandprixdetennisdebourg.com\/index.php\/restauration\/\">d\u00eeners<\/a>&#8230; N&#8217;h\u00e9sitez pas \u00e0 consulter le programme !<\/p>\n\n\n\n<figure class=\"wp-block-image size-large\"><img loading=\"lazy\" width=\"1024\" height=\"682\" src=\"http:\/\/grandprixdetennisdebourg.com\/wp-content\/uploads\/2024\/06\/bourg-traiteur-logo-site-1024x682.jpg\" alt=\"\" class=\"wp-image-3293\" srcset=\"http:\/\/grandprixdetennisdebourg.com\/wp-content\/uploads\/2024\/06\/bourg-traiteur-logo-site-1024x682.jpg 1024w, http:\/\/grandprixdetennisdebourg.com\/wp-content\/uploads\/2024\/06\/bourg-traiteur-logo-site-300x200.jpg 300w, http:\/\/grandprixdetennisdebourg.com\/wp-content\/uploads\/2024\/06\/bourg-traiteur-logo-site-768x512.jpg 768w, http:\/\/grandprixdetennisdebourg.com\/wp-content\/uploads\/2024\/06\/bourg-traiteur-logo-site.jpg 1160w\" sizes=\"(max-width: 1024px) 100vw, 1024px\" \/><figcaption><a href=\"https:\/\/www.bourg-traiteur.com\/\" target=\"_blank\" rel=\"noreferrer noopener\">https:\/\/www.bourg-traiteur.com\/<\/a><\/figcaption><\/figure>\n\n\n\n<div class=\"wp-block-columns\">\n<div class=\"wp-block-column\">\n<figure class=\"wp-block-image size-large\"><img loading=\"lazy\" width=\"1024\" height=\"682\" src=\"http:\/\/grandprixdetennisdebourg.com\/wp-content\/uploads\/2021\/12\/gptb2018-cocktail1-1024x682.jpg\" alt=\"\" class=\"wp-image-174\" srcset=\"http:\/\/grandprixdetennisdebourg.com\/wp-content\/uploads\/2021\/12\/gptb2018-cocktail1-1024x682.jpg 1024w, http:\/\/grandprixdetennisdebourg.com\/wp-content\/uploads\/2021\/12\/gptb2018-cocktail1-300x200.jpg 300w, http:\/\/grandprixdetennisdebourg.com\/wp-content\/uploads\/2021\/12\/gptb2018-cocktail1-768x512.jpg 768w, http:\/\/grandprixdetennisdebourg.com\/wp-content\/uploads\/2021\/12\/gptb2018-cocktail1-1536x1024.jpg 1536w, http:\/\/grandprixdetennisdebourg.com\/wp-content\/uploads\/2021\/12\/gptb2018-cocktail1-1200x800.jpg 1200w, http:\/\/grandprixdetennisdebourg.com\/wp-content\/uploads\/2021\/12\/gptb2018-cocktail1-1980x1320.jpg 1980w, http:\/\/grandprixdetennisdebourg.com\/wp-content\/uploads\/2021\/12\/gptb2018-cocktail1.jpg 2000w\" sizes=\"(max-width: 1024px) 100vw, 1024px\" \/><\/figure>\n<\/div>\n\n\n\n<div class=\"wp-block-column\">\n<figure class=\"wp-block-image size-large\"><img loading=\"lazy\" width=\"1024\" height=\"682\" src=\"http:\/\/grandprixdetennisdebourg.com\/wp-content\/uploads\/2021\/12\/gpbt2018-village2-1024x682.jpg\" alt=\"\" class=\"wp-image-175\" srcset=\"http:\/\/grandprixdetennisdebourg.com\/wp-content\/uploads\/2021\/12\/gpbt2018-village2-1024x682.jpg 1024w, http:\/\/grandprixdetennisdebourg.com\/wp-content\/uploads\/2021\/12\/gpbt2018-village2-300x200.jpg 300w, http:\/\/grandprixdetennisdebourg.com\/wp-content\/uploads\/2021\/12\/gpbt2018-village2-768x512.jpg 768w, http:\/\/grandprixdetennisdebourg.com\/wp-content\/uploads\/2021\/12\/gpbt2018-village2-1536x1024.jpg 1536w, http:\/\/grandprixdetennisdebourg.com\/wp-content\/uploads\/2021\/12\/gpbt2018-village2-1200x800.jpg 1200w, http:\/\/grandprixdetennisdebourg.com\/wp-content\/uploads\/2021\/12\/gpbt2018-village2-1980x1320.jpg 1980w, http:\/\/grandprixdetennisdebourg.com\/wp-content\/uploads\/2021\/12\/gpbt2018-village2.jpg 2000w\" sizes=\"(max-width: 1024px) 100vw, 1024px\" \/><\/figure>\n<\/div>\n\n\n\n<div class=\"wp-block-column\">\n<figure class=\"wp-block-image size-large\"><img loading=\"lazy\" width=\"1024\" height=\"682\" src=\"http:\/\/grandprixdetennisdebourg.com\/wp-content\/uploads\/2021\/12\/gptb2018-village3-1024x682.jpg\" alt=\"\" class=\"wp-image-176\" srcset=\"http:\/\/grandprixdetennisdebourg.com\/wp-content\/uploads\/2021\/12\/gptb2018-village3-1024x682.jpg 1024w, http:\/\/grandprixdetennisdebourg.com\/wp-content\/uploads\/2021\/12\/gptb2018-village3-300x200.jpg 300w, http:\/\/grandprixdetennisdebourg.com\/wp-content\/uploads\/2021\/12\/gptb2018-village3-768x512.jpg 768w, http:\/\/grandprixdetennisdebourg.com\/wp-content\/uploads\/2021\/12\/gptb2018-village3-1536x1024.jpg 1536w, http:\/\/grandprixdetennisdebourg.com\/wp-content\/uploads\/2021\/12\/gptb2018-village3-1200x800.jpg 1200w, http:\/\/grandprixdetennisdebourg.com\/wp-content\/uploads\/2021\/12\/gptb2018-village3-1980x1320.jpg 1980w, http:\/\/grandprixdetennisdebourg.com\/wp-content\/uploads\/2021\/12\/gptb2018-village3.jpg 2000w\" sizes=\"(max-width: 1024px) 100vw, 1024px\" \/><\/figure>\n<\/div>\n<\/div>\n\n\n\n<p class=\"has-text-align-center\"><a href=\"http:\/\/grandprixdetennisdebourg.com\/index.php\/restauration\/\" data-type=\"URL\" data-id=\"http:\/\/grandprixdetennisdebourg.com\/index.php\/restauration\/\">Retrouvez la carte des menus du midi et du soir pendant le Grand Prix<\/a><\/p>\n","protected":false},"excerpt":{"rendered":"<p>L&#8217;espace partenaires est ouvert tous les jours \u00e0 partir de 10h. Vous y trouverez de quoi prendre un verre, un caf\u00e9 ou vous restaurer. Diff\u00e9rentes animations ponctuent le grand prix : soir\u00e9es \u00e0 th\u00e8me, cocktail, d\u00e9jeuners, d\u00eeners&#8230; N&#8217;h\u00e9sitez pas \u00e0 consulter le programme ! Retrouvez la carte des menus du midi et du soir pendant [&hellip;]<\/p>\n","protected":false},"author":1,"featured_media":172,"parent":0,"menu_order":0,"comment_status":"closed","ping_status":"closed","template":"","meta":[],"_links":{"self":[{"href":"http:\/\/grandprixdetennisdebourg.com\/index.php\/wp-json\/wp\/v2\/pages\/169"}],"collection":[{"href":"http:\/\/grandprixdetennisdebourg.com\/index.php\/wp-json\/wp\/v2\/pages"}],"about":[{"href":"http:\/\/grandprixdetennisdebourg.com\/index.php\/wp-json\/wp\/v2\/types\/page"}],"author":[{"embeddable":true,"href":"http:\/\/grandprixdetennisdebourg.com\/index.php\/wp-json\/wp\/v2\/users\/1"}],"replies":[{"embeddable":true,"href":"http:\/\/grandprixdetennisdebourg.com\/index.php\/wp-json\/wp\/v2\/comments?post=169"}],"version-history":[{"count":43,"href":"http:\/\/grandprixdetennisdebourg.com\/index.php\/wp-json\/wp\/v2\/pages\/169\/revisions"}],"predecessor-version":[{"id":4591,"href":"http:\/\/grandprixdetennisdebourg.com\/index.php\/wp-json\/wp\/v2\/pages\/169\/revisions\/4591"}],"wp:featuredmedia":[{"embeddable":true,"href":"http:\/\/grandprixdetennisdebourg.com\/index.php\/wp-json\/wp\/v2\/media\/172"}],"wp:attachment":[{"href":"http:\/\/grandprixdetennisdebourg.com\/index.php\/wp-json\/wp\/v2\/media?parent=169"}],"curies":[{"name":"wp","href":"https:\/\/api.w.org\/{rel}","templated":true}]}}