{"id":109,"date":"2021-11-08T17:49:53","date_gmt":"2021-11-08T16:49:53","guid":{"rendered":"http:\/\/grandprixdetennisdebourg.com\/?page_id=109"},"modified":"2026-01-11T15:54:36","modified_gmt":"2026-01-11T14:54:36","slug":"infos-pratiques","status":"publish","type":"page","link":"http:\/\/grandprixdetennisdebourg.com\/index.php\/infos-pratiques\/","title":{"rendered":"Infos Pratiques"},"content":{"rendered":"\n<p class=\"has-text-align-center has-large-font-size\">Suivez les r\u00e9sultats en live sur<a rel=\"noreferrer noopener\" href=\"https:\/\/live.itftennis.com\/en\/live-scores\/\" target=\"_blank\"> itf live score<\/a> <\/p>\n\n\n\n<div class=\"wp-block-image\"><figure class=\"aligncenter size-full\"><a href=\"https:\/\/www.itftennis.com\/en\/\" target=\"_blank\" rel=\"noopener\"><img loading=\"lazy\" width=\"583\" height=\"196\" src=\"http:\/\/grandprixdetennisdebourg.com\/wp-content\/uploads\/2021\/12\/itf-wtt.jpg\" alt=\"\" class=\"wp-image-130\" srcset=\"http:\/\/grandprixdetennisdebourg.com\/wp-content\/uploads\/2021\/12\/itf-wtt.jpg 583w, http:\/\/grandprixdetennisdebourg.com\/wp-content\/uploads\/2021\/12\/itf-wtt-300x101.jpg 300w\" sizes=\"(max-width: 583px) 100vw, 583px\" \/><\/a><\/figure><\/div>\n\n\n\n<p class=\"has-accent-color has-text-color has-larger-font-size\"><strong>Venir au Grand Prix :<\/strong><\/p>\n\n\n\n<figure class=\"wp-block-image size-large\"><img loading=\"lazy\" width=\"724\" height=\"1024\" src=\"http:\/\/grandprixdetennisdebourg.com\/wp-content\/uploads\/2023\/06\/Plaquette-2023-Grand-Prix-TENNIS-2023-724x1024.jpg\" alt=\"\" class=\"wp-image-2278\" srcset=\"http:\/\/grandprixdetennisdebourg.com\/wp-content\/uploads\/2023\/06\/Plaquette-2023-Grand-Prix-TENNIS-2023-724x1024.jpg 724w, http:\/\/grandprixdetennisdebourg.com\/wp-content\/uploads\/2023\/06\/Plaquette-2023-Grand-Prix-TENNIS-2023-212x300.jpg 212w, http:\/\/grandprixdetennisdebourg.com\/wp-content\/uploads\/2023\/06\/Plaquette-2023-Grand-Prix-TENNIS-2023-768x1087.jpg 768w, http:\/\/grandprixdetennisdebourg.com\/wp-content\/uploads\/2023\/06\/Plaquette-2023-Grand-Prix-TENNIS-2023.jpg 826w\" sizes=\"(max-width: 724px) 100vw, 724px\" \/><\/figure>\n\n\n\n<p class=\"has-accent-color has-text-color has-larger-font-size\"><strong>Se loger pr\u00e8s du Grand Prix <\/strong>:<\/p>\n\n\n\n<div class=\"wp-block-columns\">\n<div class=\"wp-block-column\">\n<figure class=\"wp-block-image size-full\"><a href=\"https:\/\/all.accor.com\/hotel\/0603\/index.fr.shtml?utm_campaign=seo+maps&amp;utm_medium=seo+maps&amp;utm_source=google+Maps\" target=\"_blank\" rel=\"noopener\"><img loading=\"lazy\" width=\"439\" height=\"440\" src=\"http:\/\/grandprixdetennisdebourg.com\/wp-content\/uploads\/2022\/06\/ibis.jpg\" alt=\"\" class=\"wp-image-491\" srcset=\"http:\/\/grandprixdetennisdebourg.com\/wp-content\/uploads\/2022\/06\/ibis.jpg 439w, http:\/\/grandprixdetennisdebourg.com\/wp-content\/uploads\/2022\/06\/ibis-300x300.jpg 300w, http:\/\/grandprixdetennisdebourg.com\/wp-content\/uploads\/2022\/06\/ibis-150x150.jpg 150w\" sizes=\"(max-width: 439px) 100vw, 439px\" \/><\/a><\/figure>\n<\/div>\n\n\n\n<div class=\"wp-block-column\"><\/div>\n\n\n\n<div class=\"wp-block-column\"><\/div>\n<\/div>\n\n\n\n<p class=\"has-accent-color has-text-color has-large-font-size\"><strong>Contact :<\/strong><\/p>\n\n\n\n<div class=\"wp-block-columns\">\n<div class=\"wp-block-column\">\n<p class=\"has-text-align-center\">Laissez un message au 07 74 22 22 27 \u00e0 partir du 22 juin<\/p>\n\n\n\n<p class=\"has-text-align-center\">Direction du tournoi : Raymond Perrin<\/p>\n\n\n\n<p class=\"has-text-align-center\">Accueil, Transport, H\u00e9bergement : <\/p>\n\n\n\n<p class=\"has-text-align-center\">Communication, Partenaires : Laurence Perrin Dufour<\/p>\n<\/div>\n<\/div>\n","protected":false},"excerpt":{"rendered":"<p>Suivez les r\u00e9sultats en live sur itf live score Venir au Grand Prix : Se loger pr\u00e8s du Grand Prix : Contact : Laissez un message au 07 74 22 22 27 \u00e0 partir du 22 juin Direction du tournoi : Raymond Perrin Accueil, Transport, H\u00e9bergement : Communication, Partenaires : Laurence Perrin Dufour<\/p>\n","protected":false},"author":1,"featured_media":0,"parent":0,"menu_order":0,"comment_status":"closed","ping_status":"closed","template":"","meta":[],"_links":{"self":[{"href":"http:\/\/grandprixdetennisdebourg.com\/index.php\/wp-json\/wp\/v2\/pages\/109"}],"collection":[{"href":"http:\/\/grandprixdetennisdebourg.com\/index.php\/wp-json\/wp\/v2\/pages"}],"about":[{"href":"http:\/\/grandprixdetennisdebourg.com\/index.php\/wp-json\/wp\/v2\/types\/page"}],"author":[{"embeddable":true,"href":"http:\/\/grandprixdetennisdebourg.com\/index.php\/wp-json\/wp\/v2\/users\/1"}],"replies":[{"embeddable":true,"href":"http:\/\/grandprixdetennisdebourg.com\/index.php\/wp-json\/wp\/v2\/comments?post=109"}],"version-history":[{"count":54,"href":"http:\/\/grandprixdetennisdebourg.com\/index.php\/wp-json\/wp\/v2\/pages\/109\/revisions"}],"predecessor-version":[{"id":4594,"href":"http:\/\/grandprixdetennisdebourg.com\/index.php\/wp-json\/wp\/v2\/pages\/109\/revisions\/4594"}],"wp:attachment":[{"href":"http:\/\/grandprixdetennisdebourg.com\/index.php\/wp-json\/wp\/v2\/media?parent=109"}],"curies":[{"name":"wp","href":"https:\/\/api.w.org\/{rel}","templated":true}]}}